{"id":1573,"date":"2026-04-20T15:41:36","date_gmt":"2026-04-20T12:41:36","guid":{"rendered":"https:\/\/mersinsuaritma.com\/?post_type=product&#038;p=1573"},"modified":"2026-04-20T15:42:01","modified_gmt":"2026-04-20T12:42:01","slug":"ro-600-su-aritma-cihazi","status":"publish","type":"product","link":"https:\/\/mersinsuaritma.com\/index.php\/urun\/ro-600-su-aritma-cihazi\/","title":{"rendered":"RO-600 Su Ar\u0131tma Cihaz\u0131"},"content":{"rendered":"<h1>RO-600 Direk Ak\u0131\u015f Su Ar\u0131tma Cihaz\u0131<\/h1>\n","protected":false},"excerpt":{"rendered":"<p>RO-600 Direk Ak\u0131\u015f Su Ar\u0131tma Cihaz\u0131<\/p>\n","protected":false},"featured_media":1518,"comment_status":"closed","ping_status":"closed","template":"","meta":[],"product_brand":[],"product_cat":[61,55],"product_tag":[],"class_list":{"0":"post-1573","1":"product","2":"type-product","3":"status-publish","4":"has-post-thumbnail","6":"product_cat-is-yeriniz-icin","7":"product_cat-tum-urunler","9":"first","10":"instock","11":"shipping-taxable","12":"product-type-simple"},"_links":{"self":[{"href":"https:\/\/mersinsuaritma.com\/index.php\/wp-json\/wp\/v2\/product\/1573","targetHints":{"allow":["GET"]}}],"collection":[{"href":"https:\/\/mersinsuaritma.com\/index.php\/wp-json\/wp\/v2\/product"}],"about":[{"href":"https:\/\/mersinsuaritma.com\/index.php\/wp-json\/wp\/v2\/types\/product"}],"replies":[{"embeddable":true,"href":"https:\/\/mersinsuaritma.com\/index.php\/wp-json\/wp\/v2\/comments?post=1573"}],"version-history":[{"count":1,"href":"https:\/\/mersinsuaritma.com\/index.php\/wp-json\/wp\/v2\/product\/1573\/revisions"}],"predecessor-version":[{"id":1616,"href":"https:\/\/mersinsuaritma.com\/index.php\/wp-json\/wp\/v2\/product\/1573\/revisions\/1616"}],"wp:featuredmedia":[{"embeddable":true,"href":"https:\/\/mersinsuaritma.com\/index.php\/wp-json\/wp\/v2\/media\/1518"}],"wp:attachment":[{"href":"https:\/\/mersinsuaritma.com\/index.php\/wp-json\/wp\/v2\/media?parent=1573"}],"wp:term":[{"taxonomy":"product_brand","embeddable":true,"href":"https:\/\/mersinsuaritma.com\/index.php\/wp-json\/wp\/v2\/product_brand?post=1573"},{"taxonomy":"product_cat","embeddable":true,"href":"https:\/\/mersinsuaritma.com\/index.php\/wp-json\/wp\/v2\/product_cat?post=1573"},{"taxonomy":"product_tag","embeddable":true,"href":"https:\/\/mersinsuaritma.com\/index.php\/wp-json\/wp\/v2\/product_tag?post=1573"}],"curies":[{"name":"wp","href":"https:\/\/api.w.org\/{rel}","templated":true}]}}