{"id":1545,"date":"2026-04-20T15:41:13","date_gmt":"2026-04-20T12:41:13","guid":{"rendered":"https:\/\/mersinsuaritma.com\/?post_type=product&#038;p=1545"},"modified":"2026-04-20T15:41:50","modified_gmt":"2026-04-20T12:41:50","slug":"emk-80-aritmali-su-sebili","status":"publish","type":"product","link":"https:\/\/mersinsuaritma.com\/index.php\/urun\/emk-80-aritmali-su-sebili\/","title":{"rendered":"EMK 80 Ar\u0131tmal\u0131 Su Sebili"},"content":{"rendered":"<h1><strong>EMK 80 Ar\u0131tmal\u0131 Su Sebili<\/strong><\/h1>\n<h2>Ar\u0131tma Cihaz\u0131 \u00d6zellikleri<\/h2>\n<table class=\"woocommerce-product-attributes shop_attributes\">\n<tbody>\n<tr class=\"woocommerce-product-attributes-item woocommerce-product-attributes-item--attribute_1-filtre\">\n<th class=\"woocommerce-product-attributes-item__label\">1. F\u0130LTRE<\/th>\n<td class=\"woocommerce-product-attributes-item__value\">10\u201d Kartu\u015f 5 Mikron Spun Filtre<\/td>\n<\/tr>\n<tr class=\"woocommerce-product-attributes-item woocommerce-product-attributes-item--attribute_2-filtre\">\n<th class=\"woocommerce-product-attributes-item__label\">2. F\u0130LTRE<\/th>\n<td class=\"woocommerce-product-attributes-item__value\">10\u201d Kartu\u015f GAC Karbon Filtre<\/td>\n<\/tr>\n<tr class=\"woocommerce-product-attributes-item woocommerce-product-attributes-item--attribute_3-filtre\">\n<th class=\"woocommerce-product-attributes-item__label\">3. F\u0130LTRE<\/th>\n<td class=\"woocommerce-product-attributes-item__value\">10\u201d Kartu\u015f Blok Karbon Filtre<\/td>\n<\/tr>\n<tr class=\"woocommerce-product-attributes-item woocommerce-product-attributes-item--attribute_4-filtre-membran\">\n<th class=\"woocommerce-product-attributes-item__label\">4. F\u0130LTRE MEMBRAN<\/th>\n<td class=\"woocommerce-product-attributes-item__value\">G\u00fcnl\u00fck 300 Litre, 750 Litre, 1250 Litre Se\u00e7enekleri<\/td>\n<\/tr>\n<tr class=\"woocommerce-product-attributes-item woocommerce-product-attributes-item--attribute_5-filtre\">\n<th class=\"woocommerce-product-attributes-item__label\">5. F\u0130LTRE<\/th>\n<td class=\"woocommerce-product-attributes-item__value\">10\u201d Inline Coconut Post Karbon Filtre<\/td>\n<\/tr>\n<tr class=\"woocommerce-product-attributes-item woocommerce-product-attributes-item--attribute_musluk\">\n<th class=\"woocommerce-product-attributes-item__label\">MUSLUK<\/th>\n<td class=\"woocommerce-product-attributes-item__value\">L\u00fcks Musluk Opsiyonel Se\u00e7enekleri<\/td>\n<\/tr>\n<tr class=\"woocommerce-product-attributes-item woocommerce-product-attributes-item--attribute_tank\">\n<th class=\"woocommerce-product-attributes-item__label\">TANK<\/th>\n<td class=\"woocommerce-product-attributes-item__value\">Opsiyonel Se\u00e7enekleri<\/td>\n<\/tr>\n<tr class=\"woocommerce-product-attributes-item woocommerce-product-attributes-item--attribute_pompa\">\n<th class=\"woocommerce-product-attributes-item__label\">POMPA<\/th>\n<td class=\"woocommerce-product-attributes-item__value\">Pompas\u0131z, Pompal\u0131 Se\u00e7enekleri<\/td>\n<\/tr>\n<tr class=\"woocommerce-product-attributes-item woocommerce-product-attributes-item--attribute_g%c3%bcvenlik\">\n<th class=\"woocommerce-product-attributes-item__label\">G\u00dcVENL\u0130K<\/th>\n<td class=\"woocommerce-product-attributes-item__value\">60 PSI Bas\u0131n\u00e7 D\u00fc\u015f\u00fcr\u00fcc\u00fc<\/td>\n<\/tr>\n<\/tbody>\n<\/table>\n<h2>Sebil \u00d6zellikleri<\/h2>\n<table style=\"border-collapse: collapse; width: 220pt;\" width=\"293\">\n<tbody>\n<tr style=\"height: 15.75pt;\">\n<td class=\"xl64\" style=\"width: 107pt; height: 15.75pt;\" width=\"143\" height=\"21\">\u00c7al\u0131\u015fma Gerilimi<\/td>\n<td style=\"width: 113pt;\" width=\"150\">220 V<\/td>\n<\/tr>\n<tr style=\"height: 15.0pt;\">\n<td style=\"height: 15.0pt;\" height=\"20\">Frekans<\/td>\n<td>50 Hz<\/td>\n<\/tr>\n<tr style=\"height: 15.0pt;\">\n<td style=\"height: 15.0pt;\" height=\"20\">G\u00fc\u00e7<\/td>\n<td>150 W<\/td>\n<\/tr>\n<tr style=\"height: 15.0pt;\">\n<td style=\"height: 15.0pt;\" height=\"20\">Ak\u0131m<\/td>\n<td>1.6 A<\/td>\n<\/tr>\n<tr style=\"height: 15.0pt;\">\n<td style=\"height: 15.0pt;\" height=\"20\">Net Hacim<\/td>\n<td>65 Lt.<\/td>\n<\/tr>\n<tr style=\"height: 15.0pt;\">\n<td style=\"height: 15.0pt;\" height=\"20\">Br\u00fct Hacim<\/td>\n<td>85 Lt.<\/td>\n<\/tr>\n<tr style=\"height: 15.0pt;\">\n<td style=\"height: 15.0pt;\" height=\"20\">\u0130\u00e7 Kazan \u00d6zelli\u011fi<\/td>\n<td>304 Krom \u2022 Chrome<\/td>\n<\/tr>\n<tr style=\"height: 15.0pt;\">\n<td style=\"height: 15.0pt;\" height=\"20\">D\u0131\u015f Y\u00fczey<\/td>\n<td>Krom \u2022 Chrome<\/td>\n<\/tr>\n<tr style=\"height: 15.0pt;\">\n<td style=\"height: 15.0pt;\" height=\"20\">\u00d6l\u00e7\u00fcler<\/td>\n<td>420x595x1450<\/td>\n<\/tr>\n<tr style=\"height: 15.0pt;\">\n<td style=\"height: 15.0pt;\" height=\"20\">So\u011futma Derecesi<\/td>\n<td>+1,5\/12,5 \u00b0C<\/td>\n<\/tr>\n<tr style=\"height: 15.0pt;\">\n<td style=\"height: 15.0pt;\" height=\"20\">So\u011futucu Gaz<\/td>\n<td>R134<\/td>\n<\/tr>\n<tr style=\"height: 15.0pt;\">\n<td style=\"height: 15.0pt;\" height=\"20\">A\u011f\u0131rl\u0131k<\/td>\n<td>50 kg<\/td>\n<\/tr>\n<tr style=\"height: 15.0pt;\">\n<td style=\"height: 15.0pt;\" height=\"20\">Yal\u0131t\u0131m Mad. Yo\u011funlu\u011fu<\/td>\n<td>Sert P.U. \u2022 Solid P.U.<\/td>\n<\/tr>\n<tr style=\"height: 15.0pt;\">\n<td style=\"height: 15.0pt;\" height=\"20\">Bag\u0306lant\u0131<\/td>\n<td>S\u0327ebeke \u2022 Water Pipe<\/td>\n<\/tr>\n<\/tbody>\n<\/table>\n<h3>Genel \u00d6zellikler<\/h3>\n<p>Uzun \u00f6m\u00fcrl\u00fc galvaniz \u00fczeri elektrostatik boyal\u0131 d\u0131\u015f y\u00fczeye veya CR-Ni d\u0131\u015f y\u00fczeye sahiptir<br \/>\n50 litre 304 CR-Ni de\u011fi\u015ftirilebilir kaynakl\u0131 i\u00e7 kazan\u0131 bulunmaktad\u0131r.<br \/>\nEnjeksiyon bask\u0131l\u0131 poli\u00fcretan yal\u0131t\u0131mla \u0131s\u0131 kayb\u0131 minimum seviyededir.<br \/>\nP.S poli\u00fcretan yal\u0131t\u0131ml\u0131 kapak kullan\u0131lmaktad\u0131r<br \/>\n\u015eebekeye ba\u011flanabilen yada d\u00f6kme su ile kullan\u0131labilen \u015famand\u0131ral\u0131 sistem bulunmaktad\u0131r<br \/>\nManuel termostat sayesinde su s\u0131cakl\u0131\u011f\u0131 kolayl\u0131kla kontrol edilir.<br \/>\nAyarlanabilir rotil ayak sistemi ile montaj kolayl\u0131kla yap\u0131labilir<br \/>\nUzun \u00f6m\u00fcrl\u00fc \u00e7evirmeli musluk sistemi bulunmaktad\u0131r<br \/>\nT\u00fcrkiye genelinde yayg\u0131n servis a\u011f\u0131 bulunmaktad\u0131r<br \/>\n\u00dcr\u00fcnlerimiz 2 y\u0131l garantilidir.<br \/>\nHizmet yeterlilik ISO 9001 ve CE belgeleri bulunmaktad\u0131r.<br \/>\nAr\u0131tma montaj\u0131 kolayl\u0131kla yap\u0131labilmektedir.<\/p>\n<p>&nbsp;<\/p>\n","protected":false},"excerpt":{"rendered":"<p><strong>EMK 80 Ar\u0131tmal\u0131 Su Sebili<\/strong><\/p>\n","protected":false},"featured_media":1598,"comment_status":"closed","ping_status":"closed","template":"","meta":[],"product_brand":[],"product_cat":[56,55],"product_tag":[],"class_list":{"0":"post-1545","1":"product","2":"type-product","3":"status-publish","4":"has-post-thumbnail","6":"product_cat-aritmali-su-sebili","7":"product_cat-tum-urunler","9":"first","10":"instock","11":"shipping-taxable","12":"product-type-simple"},"_links":{"self":[{"href":"https:\/\/mersinsuaritma.com\/index.php\/wp-json\/wp\/v2\/product\/1545","targetHints":{"allow":["GET"]}}],"collection":[{"href":"https:\/\/mersinsuaritma.com\/index.php\/wp-json\/wp\/v2\/product"}],"about":[{"href":"https:\/\/mersinsuaritma.com\/index.php\/wp-json\/wp\/v2\/types\/product"}],"replies":[{"embeddable":true,"href":"https:\/\/mersinsuaritma.com\/index.php\/wp-json\/wp\/v2\/comments?post=1545"}],"version-history":[{"count":1,"href":"https:\/\/mersinsuaritma.com\/index.php\/wp-json\/wp\/v2\/product\/1545\/revisions"}],"predecessor-version":[{"id":1599,"href":"https:\/\/mersinsuaritma.com\/index.php\/wp-json\/wp\/v2\/product\/1545\/revisions\/1599"}],"wp:featuredmedia":[{"embeddable":true,"href":"https:\/\/mersinsuaritma.com\/index.php\/wp-json\/wp\/v2\/media\/1598"}],"wp:attachment":[{"href":"https:\/\/mersinsuaritma.com\/index.php\/wp-json\/wp\/v2\/media?parent=1545"}],"wp:term":[{"taxonomy":"product_brand","embeddable":true,"href":"https:\/\/mersinsuaritma.com\/index.php\/wp-json\/wp\/v2\/product_brand?post=1545"},{"taxonomy":"product_cat","embeddable":true,"href":"https:\/\/mersinsuaritma.com\/index.php\/wp-json\/wp\/v2\/product_cat?post=1545"},{"taxonomy":"product_tag","embeddable":true,"href":"https:\/\/mersinsuaritma.com\/index.php\/wp-json\/wp\/v2\/product_tag?post=1545"}],"curies":[{"name":"wp","href":"https:\/\/api.w.org\/{rel}","templated":true}]}}