{"id":1502,"date":"2026-04-20T15:40:50","date_gmt":"2026-04-20T12:40:50","guid":{"rendered":"https:\/\/mersinsuaritma.com\/?post_type=product&#038;p=1502"},"modified":"2026-04-20T15:41:40","modified_gmt":"2026-04-20T12:41:40","slug":"em-200-aritmali-su-sebili","status":"publish","type":"product","link":"https:\/\/mersinsuaritma.com\/index.php\/urun\/em-200-aritmali-su-sebili\/","title":{"rendered":"EM 200 Ar\u0131tmal\u0131 Su Sebili"},"content":{"rendered":"<h1><strong>EM 200 Ar\u0131tmal\u0131 Su Sebili<\/strong><\/h1>\n<h2>Ar\u0131tma Cihaz\u0131 \u00d6zellikleri<\/h2>\n<table class=\"woocommerce-product-attributes shop_attributes\">\n<tbody>\n<tr class=\"woocommerce-product-attributes-item woocommerce-product-attributes-item--attribute_1-filtre\">\n<th class=\"woocommerce-product-attributes-item__label\">1. F\u0130LTRE<\/th>\n<td class=\"woocommerce-product-attributes-item__value\">10\u201d Kartu\u015f 5 Mikron Spun Filtre<\/td>\n<\/tr>\n<tr class=\"woocommerce-product-attributes-item woocommerce-product-attributes-item--attribute_2-filtre\">\n<th class=\"woocommerce-product-attributes-item__label\">2. F\u0130LTRE<\/th>\n<td class=\"woocommerce-product-attributes-item__value\">10\u201d Kartu\u015f GAC Karbon Filtre<\/td>\n<\/tr>\n<tr class=\"woocommerce-product-attributes-item woocommerce-product-attributes-item--attribute_3-filtre\">\n<th class=\"woocommerce-product-attributes-item__label\">3. F\u0130LTRE<\/th>\n<td class=\"woocommerce-product-attributes-item__value\">10\u201d Kartu\u015f Blok Karbon Filtre<\/td>\n<\/tr>\n<tr class=\"woocommerce-product-attributes-item woocommerce-product-attributes-item--attribute_4-filtre-membran\">\n<th class=\"woocommerce-product-attributes-item__label\">4. F\u0130LTRE MEMBRAN<\/th>\n<td class=\"woocommerce-product-attributes-item__value\">G\u00fcnl\u00fck 300 Litre, 750 Litre, 1250 Litre Se\u00e7enekleri<\/td>\n<\/tr>\n<tr class=\"woocommerce-product-attributes-item woocommerce-product-attributes-item--attribute_5-filtre\">\n<th class=\"woocommerce-product-attributes-item__label\">5. F\u0130LTRE<\/th>\n<td class=\"woocommerce-product-attributes-item__value\">10\u201d Inline Coconut Post Karbon Filtre<\/td>\n<\/tr>\n<tr class=\"woocommerce-product-attributes-item woocommerce-product-attributes-item--attribute_musluk\">\n<th class=\"woocommerce-product-attributes-item__label\">MUSLUK<\/th>\n<td class=\"woocommerce-product-attributes-item__value\">L\u00fcks Musluk Opsiyonel Se\u00e7enekleri<\/td>\n<\/tr>\n<tr class=\"woocommerce-product-attributes-item woocommerce-product-attributes-item--attribute_tank\">\n<th class=\"woocommerce-product-attributes-item__label\">TANK<\/th>\n<td class=\"woocommerce-product-attributes-item__value\">Opsiyonel Se\u00e7enekleri<\/td>\n<\/tr>\n<tr class=\"woocommerce-product-attributes-item woocommerce-product-attributes-item--attribute_pompa\">\n<th class=\"woocommerce-product-attributes-item__label\">POMPA<\/th>\n<td class=\"woocommerce-product-attributes-item__value\">Pompas\u0131z, Pompal\u0131 Se\u00e7enekleri<\/td>\n<\/tr>\n<tr class=\"woocommerce-product-attributes-item woocommerce-product-attributes-item--attribute_g%c3%bcvenlik\">\n<th class=\"woocommerce-product-attributes-item__label\">G\u00dcVENL\u0130K<\/th>\n<td class=\"woocommerce-product-attributes-item__value\">60 PSI Bas\u0131n\u00e7 D\u00fc\u015f\u00fcr\u00fcc\u00fc<\/td>\n<\/tr>\n<\/tbody>\n<\/table>\n<h2>Sebil \u00d6zellikleri<\/h2>\n<table style=\"border-collapse: collapse; width: 210pt;\" width=\"280\">\n<tbody>\n<tr style=\"height: 15.75pt;\">\n<td class=\"xl64\" style=\"width: 98pt; height: 15.75pt;\" width=\"130\" height=\"21\">Kapasite<\/td>\n<td style=\"width: 113pt;\" width=\"150\">200 Lt.<\/td>\n<\/tr>\n<tr style=\"height: 15.0pt;\">\n<td style=\"height: 15.0pt;\" height=\"20\">Net \u00d6l\u00e7\u00fcler (HxWxL)<\/td>\n<td>700x600x1750 mm<\/td>\n<\/tr>\n<tr style=\"height: 15.0pt;\">\n<td style=\"height: 15.0pt;\" height=\"20\">Bru\u0308t O\u0308lc\u0327u\u0308ler (HxWxL)<\/td>\n<td>706x606x1765 mm<\/td>\n<\/tr>\n<tr style=\"height: 15.0pt;\">\n<td style=\"height: 15.0pt;\" height=\"20\">Sog\u0306utucu Gaz<\/td>\n<td>R 134<\/td>\n<\/tr>\n<tr style=\"height: 15.0pt;\">\n<td style=\"height: 15.0pt;\" height=\"20\">Sog\u0306utma Derecesi<\/td>\n<td>1,5 \/ 12,5 \u00b0C<\/td>\n<\/tr>\n<tr style=\"height: 15.0pt;\">\n<td style=\"height: 15.0pt;\" height=\"20\">Gu\u0308c\u0327<\/td>\n<td>1040W<\/td>\n<\/tr>\n<tr style=\"height: 15.0pt;\">\n<td style=\"height: 15.0pt;\" height=\"20\">Voltaj (V\/Hz)<\/td>\n<td>220-240 VACNPE-\/50Hz<\/td>\n<\/tr>\n<tr style=\"height: 15.0pt;\">\n<td style=\"height: 15.0pt;\" height=\"20\">Sigorta Ak\u0131m\u0131<\/td>\n<td align=\"right\">2<\/td>\n<\/tr>\n<tr style=\"height: 15.0pt;\">\n<td style=\"height: 15.0pt;\" height=\"20\">Max. Eg\u0306im<\/td>\n<td>5\u00b0<\/td>\n<\/tr>\n<tr style=\"height: 15.0pt;\">\n<td style=\"height: 15.0pt;\" height=\"20\">S\u0131n\u0131f<\/td>\n<td align=\"right\">1<\/td>\n<\/tr>\n<tr style=\"height: 15.0pt;\">\n<td style=\"height: 15.0pt;\" height=\"20\">Koruma S\u0131n\u0131f\u0131<\/td>\n<td>IP 21<\/td>\n<\/tr>\n<tr style=\"height: 15.0pt;\">\n<td style=\"height: 15.0pt;\" height=\"20\">A\u011f\u0131rl\u0131k<\/td>\n<td>110 kg<\/td>\n<\/tr>\n<\/tbody>\n<\/table>\n<h3>Genel \u00d6zellikler<\/h3>\n<p>CR-Ni dayan\u0131kl\u0131 d\u0131s\u0327 yu\u0308zeye sahiptir.<br \/>\n200 litre CR-Ni kaynakl\u0131 ic\u0327 kazan\u0131 bulunmaktad\u0131r.<br \/>\nStandart olarak CR-Ni yalakl\u0131 ve poliu\u0308retan izolasyonlu P.S. kapak olarak u\u0308retilmektedir.<br \/>\nEnjeksiyon bask\u0131l\u0131 poliu\u0308retan yal\u0131t\u0131mla \u0131s\u0131 kayb\u0131 minimum seviyededir.<br \/>\nS\u0327ebekeye bag\u0306lanabilen yada do\u0308kme su ile kullan\u0131labilen s\u0327amand\u0131ral\u0131 sistem bulunmaktad\u0131r.<br \/>\nManuel termostat sayesinde su s\u0131cakl\u0131g\u0306\u0131 kolayl\u0131kla kontrol edilir.<br \/>\nAyarlanabilir rotil ayak sistemi ile montaj kolayl\u0131kla yap\u0131labilir.<br \/>\nUzun o\u0308mu\u0308rlu\u0308 c\u0327evirmeli musluk sistemi bulunmaktad\u0131r.<br \/>\nTu\u0308rkiye genelinde yayg\u0131n servis ag\u0306\u0131 bulunmaktad\u0131r.<br \/>\nU\u0308ru\u0308nlerimiz 2 y\u0131l garantilidir.<br \/>\nHizmet yeterlilik ISO 9001 ve CE belgeleri bulunmaktad\u0131r.<\/p>\n<p>&nbsp;<\/p>\n","protected":false},"excerpt":{"rendered":"<p><strong>EM 200 Ar\u0131tmal\u0131 Su Sebili<\/strong><\/p>\n","protected":false},"featured_media":1580,"comment_status":"closed","ping_status":"closed","template":"","meta":[],"product_brand":[],"product_cat":[56,55],"product_tag":[],"class_list":{"0":"post-1502","1":"product","2":"type-product","3":"status-publish","4":"has-post-thumbnail","6":"product_cat-aritmali-su-sebili","7":"product_cat-tum-urunler","9":"first","10":"instock","11":"shipping-taxable","12":"product-type-simple"},"_links":{"self":[{"href":"https:\/\/mersinsuaritma.com\/index.php\/wp-json\/wp\/v2\/product\/1502","targetHints":{"allow":["GET"]}}],"collection":[{"href":"https:\/\/mersinsuaritma.com\/index.php\/wp-json\/wp\/v2\/product"}],"about":[{"href":"https:\/\/mersinsuaritma.com\/index.php\/wp-json\/wp\/v2\/types\/product"}],"replies":[{"embeddable":true,"href":"https:\/\/mersinsuaritma.com\/index.php\/wp-json\/wp\/v2\/comments?post=1502"}],"version-history":[{"count":1,"href":"https:\/\/mersinsuaritma.com\/index.php\/wp-json\/wp\/v2\/product\/1502\/revisions"}],"predecessor-version":[{"id":1581,"href":"https:\/\/mersinsuaritma.com\/index.php\/wp-json\/wp\/v2\/product\/1502\/revisions\/1581"}],"wp:featuredmedia":[{"embeddable":true,"href":"https:\/\/mersinsuaritma.com\/index.php\/wp-json\/wp\/v2\/media\/1580"}],"wp:attachment":[{"href":"https:\/\/mersinsuaritma.com\/index.php\/wp-json\/wp\/v2\/media?parent=1502"}],"wp:term":[{"taxonomy":"product_brand","embeddable":true,"href":"https:\/\/mersinsuaritma.com\/index.php\/wp-json\/wp\/v2\/product_brand?post=1502"},{"taxonomy":"product_cat","embeddable":true,"href":"https:\/\/mersinsuaritma.com\/index.php\/wp-json\/wp\/v2\/product_cat?post=1502"},{"taxonomy":"product_tag","embeddable":true,"href":"https:\/\/mersinsuaritma.com\/index.php\/wp-json\/wp\/v2\/product_tag?post=1502"}],"curies":[{"name":"wp","href":"https:\/\/api.w.org\/{rel}","templated":true}]}}