{"id":1495,"date":"2026-04-20T15:40:49","date_gmt":"2026-04-20T12:40:49","guid":{"rendered":"https:\/\/mersinsuaritma.com\/?post_type=product&#038;p=1495"},"modified":"2026-04-20T15:41:23","modified_gmt":"2026-04-20T12:41:23","slug":"70-psi-cn-basinc-kirici","status":"publish","type":"product","link":"https:\/\/mersinsuaritma.com\/index.php\/urun\/70-psi-cn-basinc-kirici\/","title":{"rendered":"70 Psi CN Bas\u0131n\u00e7 K\u0131r\u0131c\u0131"},"content":{"rendered":"","protected":false},"excerpt":{"rendered":"","protected":false},"featured_media":1563,"comment_status":"open","ping_status":"closed","template":"","meta":[],"product_brand":[],"product_cat":[55,62],"product_tag":[],"class_list":{"0":"post-1495","1":"product","2":"type-product","3":"status-publish","4":"has-post-thumbnail","6":"product_cat-tum-urunler","7":"product_cat-yedek-parca","9":"first","10":"instock","11":"shipping-taxable","12":"product-type-simple"},"_links":{"self":[{"href":"https:\/\/mersinsuaritma.com\/index.php\/wp-json\/wp\/v2\/product\/1495","targetHints":{"allow":["GET"]}}],"collection":[{"href":"https:\/\/mersinsuaritma.com\/index.php\/wp-json\/wp\/v2\/product"}],"about":[{"href":"https:\/\/mersinsuaritma.com\/index.php\/wp-json\/wp\/v2\/types\/product"}],"replies":[{"embeddable":true,"href":"https:\/\/mersinsuaritma.com\/index.php\/wp-json\/wp\/v2\/comments?post=1495"}],"version-history":[{"count":1,"href":"https:\/\/mersinsuaritma.com\/index.php\/wp-json\/wp\/v2\/product\/1495\/revisions"}],"predecessor-version":[{"id":1564,"href":"https:\/\/mersinsuaritma.com\/index.php\/wp-json\/wp\/v2\/product\/1495\/revisions\/1564"}],"wp:featuredmedia":[{"embeddable":true,"href":"https:\/\/mersinsuaritma.com\/index.php\/wp-json\/wp\/v2\/media\/1563"}],"wp:attachment":[{"href":"https:\/\/mersinsuaritma.com\/index.php\/wp-json\/wp\/v2\/media?parent=1495"}],"wp:term":[{"taxonomy":"product_brand","embeddable":true,"href":"https:\/\/mersinsuaritma.com\/index.php\/wp-json\/wp\/v2\/product_brand?post=1495"},{"taxonomy":"product_cat","embeddable":true,"href":"https:\/\/mersinsuaritma.com\/index.php\/wp-json\/wp\/v2\/product_cat?post=1495"},{"taxonomy":"product_tag","embeddable":true,"href":"https:\/\/mersinsuaritma.com\/index.php\/wp-json\/wp\/v2\/product_tag?post=1495"}],"curies":[{"name":"wp","href":"https:\/\/api.w.org\/{rel}","templated":true}]}}