{"id":1454,"date":"2026-04-20T15:40:25","date_gmt":"2026-04-20T12:40:25","guid":{"rendered":"https:\/\/mersinsuaritma.com\/?post_type=product&#038;p=1454"},"modified":"2026-04-20T15:41:01","modified_gmt":"2026-04-20T12:41:01","slug":"40-litre-tank","status":"publish","type":"product","link":"https:\/\/mersinsuaritma.com\/index.php\/urun\/40-litre-tank\/","title":{"rendered":"40 Litre Tank"},"content":{"rendered":"<h1>40 Litre Su Ar\u0131tma Cihaz\u0131 Tank\u0131<\/h1>\n<p>40 Litre 11 Galon Metal Bas\u0131n\u00e7 Denge Tank\u0131<\/p>\n","protected":false},"excerpt":{"rendered":"<p>40 Litre Su Ar\u0131tma Cihaz\u0131 Tank\u0131 40 Litre 11 Galon Metal Bas\u0131n\u00e7 Denge Tank\u0131<\/p>\n","protected":false},"featured_media":1521,"comment_status":"closed","ping_status":"closed","template":"","meta":[],"product_brand":[],"product_cat":[59,55],"product_tag":[],"class_list":{"0":"post-1454","1":"product","2":"type-product","3":"status-publish","4":"has-post-thumbnail","6":"product_cat-tank","7":"product_cat-tum-urunler","9":"first","10":"instock","11":"shipping-taxable","12":"product-type-simple"},"_links":{"self":[{"href":"https:\/\/mersinsuaritma.com\/index.php\/wp-json\/wp\/v2\/product\/1454","targetHints":{"allow":["GET"]}}],"collection":[{"href":"https:\/\/mersinsuaritma.com\/index.php\/wp-json\/wp\/v2\/product"}],"about":[{"href":"https:\/\/mersinsuaritma.com\/index.php\/wp-json\/wp\/v2\/types\/product"}],"replies":[{"embeddable":true,"href":"https:\/\/mersinsuaritma.com\/index.php\/wp-json\/wp\/v2\/comments?post=1454"}],"version-history":[{"count":1,"href":"https:\/\/mersinsuaritma.com\/index.php\/wp-json\/wp\/v2\/product\/1454\/revisions"}],"predecessor-version":[{"id":1522,"href":"https:\/\/mersinsuaritma.com\/index.php\/wp-json\/wp\/v2\/product\/1454\/revisions\/1522"}],"wp:featuredmedia":[{"embeddable":true,"href":"https:\/\/mersinsuaritma.com\/index.php\/wp-json\/wp\/v2\/media\/1521"}],"wp:attachment":[{"href":"https:\/\/mersinsuaritma.com\/index.php\/wp-json\/wp\/v2\/media?parent=1454"}],"wp:term":[{"taxonomy":"product_brand","embeddable":true,"href":"https:\/\/mersinsuaritma.com\/index.php\/wp-json\/wp\/v2\/product_brand?post=1454"},{"taxonomy":"product_cat","embeddable":true,"href":"https:\/\/mersinsuaritma.com\/index.php\/wp-json\/wp\/v2\/product_cat?post=1454"},{"taxonomy":"product_tag","embeddable":true,"href":"https:\/\/mersinsuaritma.com\/index.php\/wp-json\/wp\/v2\/product_tag?post=1454"}],"curies":[{"name":"wp","href":"https:\/\/api.w.org\/{rel}","templated":true}]}}