{"id":1444,"date":"2026-04-20T15:40:24","date_gmt":"2026-04-20T12:40:24","guid":{"rendered":"https:\/\/mersinsuaritma.com\/?post_type=product&#038;p=1444"},"modified":"2026-04-20T15:40:45","modified_gmt":"2026-04-20T12:40:45","slug":"12-litre-tank","status":"publish","type":"product","link":"https:\/\/mersinsuaritma.com\/index.php\/urun\/12-litre-tank\/","title":{"rendered":"12 Litre Tank"},"content":{"rendered":"<h1>12 Litre Su Ar\u0131tma Cihaz\u0131 Tank\u0131<\/h1>\n<p>12 Litre 3.2 Galon Metal Bas\u0131n\u00e7 Denge Tank\u0131<\/p>\n","protected":false},"excerpt":{"rendered":"<p>12 Litre Su Ar\u0131tma Cihaz\u0131 Tank\u0131 12 Litre 3.2 Galon Metal Bas\u0131n\u00e7 Denge Tank\u0131<\/p>\n","protected":false},"featured_media":1486,"comment_status":"closed","ping_status":"closed","template":"","meta":[],"product_brand":[],"product_cat":[59,55],"product_tag":[],"class_list":{"0":"post-1444","1":"product","2":"type-product","3":"status-publish","4":"has-post-thumbnail","6":"product_cat-tank","7":"product_cat-tum-urunler","9":"first","10":"instock","11":"shipping-taxable","12":"product-type-simple"},"_links":{"self":[{"href":"https:\/\/mersinsuaritma.com\/index.php\/wp-json\/wp\/v2\/product\/1444","targetHints":{"allow":["GET"]}}],"collection":[{"href":"https:\/\/mersinsuaritma.com\/index.php\/wp-json\/wp\/v2\/product"}],"about":[{"href":"https:\/\/mersinsuaritma.com\/index.php\/wp-json\/wp\/v2\/types\/product"}],"replies":[{"embeddable":true,"href":"https:\/\/mersinsuaritma.com\/index.php\/wp-json\/wp\/v2\/comments?post=1444"}],"version-history":[{"count":1,"href":"https:\/\/mersinsuaritma.com\/index.php\/wp-json\/wp\/v2\/product\/1444\/revisions"}],"predecessor-version":[{"id":1487,"href":"https:\/\/mersinsuaritma.com\/index.php\/wp-json\/wp\/v2\/product\/1444\/revisions\/1487"}],"wp:featuredmedia":[{"embeddable":true,"href":"https:\/\/mersinsuaritma.com\/index.php\/wp-json\/wp\/v2\/media\/1486"}],"wp:attachment":[{"href":"https:\/\/mersinsuaritma.com\/index.php\/wp-json\/wp\/v2\/media?parent=1444"}],"wp:term":[{"taxonomy":"product_brand","embeddable":true,"href":"https:\/\/mersinsuaritma.com\/index.php\/wp-json\/wp\/v2\/product_brand?post=1444"},{"taxonomy":"product_cat","embeddable":true,"href":"https:\/\/mersinsuaritma.com\/index.php\/wp-json\/wp\/v2\/product_cat?post=1444"},{"taxonomy":"product_tag","embeddable":true,"href":"https:\/\/mersinsuaritma.com\/index.php\/wp-json\/wp\/v2\/product_tag?post=1444"}],"curies":[{"name":"wp","href":"https:\/\/api.w.org\/{rel}","templated":true}]}}