{"id":1443,"date":"2026-04-20T15:40:24","date_gmt":"2026-04-20T12:40:24","guid":{"rendered":"https:\/\/mersinsuaritma.com\/?post_type=product&#038;p=1443"},"modified":"2026-04-20T15:40:42","modified_gmt":"2026-04-20T12:40:42","slug":"8-litre-tank","status":"publish","type":"product","link":"https:\/\/mersinsuaritma.com\/index.php\/urun\/8-litre-tank\/","title":{"rendered":"8 Litre Tank"},"content":{"rendered":"<h1>8 Litre Su Ar\u0131tma Cihaz\u0131 Tank\u0131<\/h1>\n<p>8 Litre 2.2 Galon Metal Bas\u0131n\u00e7 Denge Tank\u0131<\/p>\n","protected":false},"excerpt":{"rendered":"<p>8 Litre Su Ar\u0131tma Cihaz\u0131 Tank\u0131 8 Litre 2.2 Galon Metal Bas\u0131n\u00e7 Denge Tank\u0131<\/p>\n","protected":false},"featured_media":1484,"comment_status":"closed","ping_status":"closed","template":"","meta":[],"product_brand":[],"product_cat":[59,55],"product_tag":[],"class_list":{"0":"post-1443","1":"product","2":"type-product","3":"status-publish","4":"has-post-thumbnail","6":"product_cat-tank","7":"product_cat-tum-urunler","9":"first","10":"instock","11":"shipping-taxable","12":"product-type-simple"},"_links":{"self":[{"href":"https:\/\/mersinsuaritma.com\/index.php\/wp-json\/wp\/v2\/product\/1443","targetHints":{"allow":["GET"]}}],"collection":[{"href":"https:\/\/mersinsuaritma.com\/index.php\/wp-json\/wp\/v2\/product"}],"about":[{"href":"https:\/\/mersinsuaritma.com\/index.php\/wp-json\/wp\/v2\/types\/product"}],"replies":[{"embeddable":true,"href":"https:\/\/mersinsuaritma.com\/index.php\/wp-json\/wp\/v2\/comments?post=1443"}],"version-history":[{"count":1,"href":"https:\/\/mersinsuaritma.com\/index.php\/wp-json\/wp\/v2\/product\/1443\/revisions"}],"predecessor-version":[{"id":1485,"href":"https:\/\/mersinsuaritma.com\/index.php\/wp-json\/wp\/v2\/product\/1443\/revisions\/1485"}],"wp:featuredmedia":[{"embeddable":true,"href":"https:\/\/mersinsuaritma.com\/index.php\/wp-json\/wp\/v2\/media\/1484"}],"wp:attachment":[{"href":"https:\/\/mersinsuaritma.com\/index.php\/wp-json\/wp\/v2\/media?parent=1443"}],"wp:term":[{"taxonomy":"product_brand","embeddable":true,"href":"https:\/\/mersinsuaritma.com\/index.php\/wp-json\/wp\/v2\/product_brand?post=1443"},{"taxonomy":"product_cat","embeddable":true,"href":"https:\/\/mersinsuaritma.com\/index.php\/wp-json\/wp\/v2\/product_cat?post=1443"},{"taxonomy":"product_tag","embeddable":true,"href":"https:\/\/mersinsuaritma.com\/index.php\/wp-json\/wp\/v2\/product_tag?post=1443"}],"curies":[{"name":"wp","href":"https:\/\/api.w.org\/{rel}","templated":true}]}}