{"id":1442,"date":"2026-04-20T15:40:24","date_gmt":"2026-04-20T12:40:24","guid":{"rendered":"https:\/\/mersinsuaritma.com\/?post_type=product&#038;p=1442"},"modified":"2026-04-20T15:40:39","modified_gmt":"2026-04-20T12:40:39","slug":"lg-kuno-membran-filtre","status":"publish","type":"product","link":"https:\/\/mersinsuaritma.com\/index.php\/urun\/lg-kuno-membran-filtre\/","title":{"rendered":"LG Kuno Membran Filtre"},"content":{"rendered":"<h1>LG Chem Kuno Membran Filtre<\/h1>\n<p><strong>4 . A\u015fama Filtresi<\/strong>:\u00a0Ters Ozmos LG Kuno Membran 80 gpd: Membran filtre, ters ozmos filtrasyonunun d\u00f6rd\u00fcnc\u00fc ve en \u00f6nemli a\u015famas\u0131d\u0131r.<br \/>\nMembran ar\u0131tma filtresi \u00e7al\u0131\u015fma mekanizmas\u0131 olarak milimetrenin on milyonda biri k\u00fc\u00e7\u00fckl\u00fc\u011f\u00fcnde olan g\u00f6zeneklere sahip olmas\u0131 ile suyu ar\u0131nd\u0131r\u0131r. Yar\u0131 ge\u00e7irgen bir zar filtre halinde olmas\u0131 suyun sertli\u011fini d\u00fczenlemesini ve suyu molek\u00fcler yap\u0131ya filtrelemesini sa\u011flar. Ayr\u0131ca sudaki toksik ve kimyasal maddeleri ar\u0131nd\u0131r\u0131r.<\/p>\n","protected":false},"excerpt":{"rendered":"<p>LG Chem Kuno Membran Filtre 4 . A\u015fama Filtresi:\u00a0Ters Ozmos LG Kuno Membran 80 gpd: Membran filtre, ters ozmos filtrasyonunun<\/p>\n","protected":false},"featured_media":1482,"comment_status":"closed","ping_status":"closed","template":"","meta":[],"product_brand":[],"product_cat":[57,58,55],"product_tag":[],"class_list":{"0":"post-1442","1":"product","2":"type-product","3":"status-publish","4":"has-post-thumbnail","6":"product_cat-filtre","7":"product_cat-membran","8":"product_cat-tum-urunler","10":"first","11":"instock","12":"shipping-taxable","13":"product-type-simple"},"_links":{"self":[{"href":"https:\/\/mersinsuaritma.com\/index.php\/wp-json\/wp\/v2\/product\/1442","targetHints":{"allow":["GET"]}}],"collection":[{"href":"https:\/\/mersinsuaritma.com\/index.php\/wp-json\/wp\/v2\/product"}],"about":[{"href":"https:\/\/mersinsuaritma.com\/index.php\/wp-json\/wp\/v2\/types\/product"}],"replies":[{"embeddable":true,"href":"https:\/\/mersinsuaritma.com\/index.php\/wp-json\/wp\/v2\/comments?post=1442"}],"version-history":[{"count":1,"href":"https:\/\/mersinsuaritma.com\/index.php\/wp-json\/wp\/v2\/product\/1442\/revisions"}],"predecessor-version":[{"id":1483,"href":"https:\/\/mersinsuaritma.com\/index.php\/wp-json\/wp\/v2\/product\/1442\/revisions\/1483"}],"wp:featuredmedia":[{"embeddable":true,"href":"https:\/\/mersinsuaritma.com\/index.php\/wp-json\/wp\/v2\/media\/1482"}],"wp:attachment":[{"href":"https:\/\/mersinsuaritma.com\/index.php\/wp-json\/wp\/v2\/media?parent=1442"}],"wp:term":[{"taxonomy":"product_brand","embeddable":true,"href":"https:\/\/mersinsuaritma.com\/index.php\/wp-json\/wp\/v2\/product_brand?post=1442"},{"taxonomy":"product_cat","embeddable":true,"href":"https:\/\/mersinsuaritma.com\/index.php\/wp-json\/wp\/v2\/product_cat?post=1442"},{"taxonomy":"product_tag","embeddable":true,"href":"https:\/\/mersinsuaritma.com\/index.php\/wp-json\/wp\/v2\/product_tag?post=1442"}],"curies":[{"name":"wp","href":"https:\/\/api.w.org\/{rel}","templated":true}]}}