{"id":1434,"date":"2026-04-20T15:40:24","date_gmt":"2026-04-20T12:40:24","guid":{"rendered":"https:\/\/mersinsuaritma.com\/?post_type=product&#038;p=1434"},"modified":"2026-04-20T15:40:29","modified_gmt":"2026-04-20T12:40:29","slug":"aritmali-su-sebili","status":"publish","type":"product","link":"https:\/\/mersinsuaritma.com\/index.php\/urun\/aritmali-su-sebili\/","title":{"rendered":"Ar\u0131tmal\u0131 Su Sebili"},"content":{"rendered":"<h1><strong>Ar\u0131tmal\u0131 Su Sebili<\/strong><\/h1>\n<p>\u2022 12\u201d Inline 5 Mikron Spun Filtre<br \/>\n\u2022 12\u201d Inline GAC Coconut Karbon Filtre<br \/>\n\u2022 12\u201d Inline Blok Coconut Karbon Filtre<br \/>\n\u2022 10\u201d Inline Coconut Post Karbon Filtre<br \/>\n\u2022 80 GPD Membran<br \/>\n\u2022 24 V Selenoid<br \/>\n\u2022 Is\u0131tma Kapasitesi 5L\/h<br \/>\n\u2022 Sogutma Kapasitesi 2L\/h<br \/>\n\u2022 2,7 Litre So\u011fuk Tank Kapasitesi<br \/>\n\u2022 1,0 Litre S\u0131cak Su Tank Kapasitesi<br \/>\n\u2022 60 PSI Bas\u0131n\u00e7 D\u00fc\u015f\u00fcr\u00fcc\u00fc<\/p>\n<p>\u2022 5 A\u015famal\u0131 Sistem<br \/>\n\u2022 Pompal\u0131 ve Pompas\u0131z Model<br \/>\n\u2022 Quick Ba\u011flant\u0131l\u0131 RO \u00dcnitesi<\/p>\n","protected":false},"excerpt":{"rendered":"<p><strong>Ar\u0131tmal\u0131 Su Sebili<\/strong><\/p>\n","protected":false},"featured_media":1466,"comment_status":"closed","ping_status":"closed","template":"","meta":[],"product_brand":[],"product_cat":[56,55],"product_tag":[],"class_list":{"0":"post-1434","1":"product","2":"type-product","3":"status-publish","4":"has-post-thumbnail","6":"product_cat-aritmali-su-sebili","7":"product_cat-tum-urunler","9":"first","10":"instock","11":"shipping-taxable","12":"product-type-simple"},"_links":{"self":[{"href":"https:\/\/mersinsuaritma.com\/index.php\/wp-json\/wp\/v2\/product\/1434","targetHints":{"allow":["GET"]}}],"collection":[{"href":"https:\/\/mersinsuaritma.com\/index.php\/wp-json\/wp\/v2\/product"}],"about":[{"href":"https:\/\/mersinsuaritma.com\/index.php\/wp-json\/wp\/v2\/types\/product"}],"replies":[{"embeddable":true,"href":"https:\/\/mersinsuaritma.com\/index.php\/wp-json\/wp\/v2\/comments?post=1434"}],"version-history":[{"count":1,"href":"https:\/\/mersinsuaritma.com\/index.php\/wp-json\/wp\/v2\/product\/1434\/revisions"}],"predecessor-version":[{"id":1467,"href":"https:\/\/mersinsuaritma.com\/index.php\/wp-json\/wp\/v2\/product\/1434\/revisions\/1467"}],"wp:featuredmedia":[{"embeddable":true,"href":"https:\/\/mersinsuaritma.com\/index.php\/wp-json\/wp\/v2\/media\/1466"}],"wp:attachment":[{"href":"https:\/\/mersinsuaritma.com\/index.php\/wp-json\/wp\/v2\/media?parent=1434"}],"wp:term":[{"taxonomy":"product_brand","embeddable":true,"href":"https:\/\/mersinsuaritma.com\/index.php\/wp-json\/wp\/v2\/product_brand?post=1434"},{"taxonomy":"product_cat","embeddable":true,"href":"https:\/\/mersinsuaritma.com\/index.php\/wp-json\/wp\/v2\/product_cat?post=1434"},{"taxonomy":"product_tag","embeddable":true,"href":"https:\/\/mersinsuaritma.com\/index.php\/wp-json\/wp\/v2\/product_tag?post=1434"}],"curies":[{"name":"wp","href":"https:\/\/api.w.org\/{rel}","templated":true}]}}